{"id":27,"date":"2020-03-29T00:09:19","date_gmt":"2020-03-28T23:09:19","guid":{"rendered":"http:\/\/drkevinseyssel-dieteticien.com\/?page_id=27"},"modified":"2023-09-25T15:38:36","modified_gmt":"2023-09-25T13:38:36","slug":"presentation","status":"publish","type":"page","link":"http:\/\/drkevinseyssel-dieteticien.com\/index.php\/presentation\/","title":{"rendered":"Pr\u00e9sentation"},"content":{"rendered":"\n<p style=\"font-size:25px\"><strong> Dr Seyssel K\u00e9vin | Di\u00e9t\u00e9ticien nutritionniste | Docteur en nutrition et m\u00e9tabolisme <\/strong><\/p>\n\n\n\n<p>&nbsp;<\/p>\n\n\n\n<div class=\"wp-block-media-text alignwide is-stacked-on-mobile is-vertically-aligned-center\" style=\"grid-template-columns:30% auto\"><figure class=\"wp-block-media-text__media\"><img loading=\"lazy\" width=\"720\" height=\"720\" src=\"http:\/\/drkevinseyssel-dieteticien.com\/wp-content\/uploads\/2023\/09\/Dr-Kevin-Seyssel-Nutrition-Alimentation-Dietetique.png\" alt=\"\" class=\"wp-image-647 size-full\" srcset=\"http:\/\/drkevinseyssel-dieteticien.com\/wp-content\/uploads\/2023\/09\/Dr-Kevin-Seyssel-Nutrition-Alimentation-Dietetique.png 720w, http:\/\/drkevinseyssel-dieteticien.com\/wp-content\/uploads\/2023\/09\/Dr-Kevin-Seyssel-Nutrition-Alimentation-Dietetique-300x300.png 300w, http:\/\/drkevinseyssel-dieteticien.com\/wp-content\/uploads\/2023\/09\/Dr-Kevin-Seyssel-Nutrition-Alimentation-Dietetique-150x150.png 150w\" sizes=\"(max-width: 720px) 100vw, 720px\" \/><\/figure><div class=\"wp-block-media-text__content\">\n<p align=\"justify\" class=\"has-normal-font-size\"> Di\u00e9t\u00e9ticien nutritionniste lib\u00e9ral, titulaire d\u2019un doctorat sp\u00e9cialis\u00e9 en nutrition et m\u00e9tabolisme, j\u2019ai le plaisir de vous rencontrer \u00e0 Corbas.&nbsp;<\/p>\n\n\n\n<p align=\"justify\" class=\"has-normal-font-size\"> Je propose des consultations en cabinet afin de vous accompagner dans vos d\u00e9marches nutritionnelles comme la perte de poids, le r\u00e9\u00e9quilibrage alimentaire, la prise pond\u00e9rale, ainsi que tous changements alimentaires (v\u00e9g\u00e9tarien, \u00e9co-responsable&#8230;). Je propose un accompagnement nutritionnel adapt\u00e9 \u00e0 vos besoins.<\/p>\n\n\n\n<p align=\"justify\" class=\"has-normal-font-size\"> Passionn\u00e9 par mon m\u00e9tier et riche de mes diverses exp\u00e9riences, je suis conscient des&nbsp;bouleversements&nbsp;que procure&nbsp;un changement de vie, une pathologie, un&nbsp;rythme \u00e9prouvant, le stress,&nbsp;le mal-\u00eatre&#8230; Je vous accompagne en prenant en compte votre \u00e9tat de sant\u00e9, par la mise en place d&rsquo;une d\u00e9marche th\u00e9rapeutique et d&rsquo;objectifs di\u00e9t\u00e9tiques adapt\u00e9s. Le ma\u00eetre-mot de mon accompagnement est la bienveillance.<\/p>\n<\/div><\/div>\n\n\n\n<p align=\"justify\" class=\"has-normal-font-size\"> Je vous accompagne \u00e0 travers une approche individualis\u00e9e, en prenant en compte votre environnement personnel, professionnel et social, afin d&rsquo;appr\u00e9hender vos comportements alimentaires. En effet, il est n\u00e9cessaire de comprendre votre relation avec l&rsquo;alimentation, afin de vous accompagner et de pouvoir trouver avec vous l&rsquo;origine de vos \u00e9ventuels probl\u00e8mes alimentaires. &nbsp;Ma mission premi\u00e8re \u00e9tant d&rsquo;adapter votre alimentation \u00e0 votre rythme de vie, tout en vous aidant \u00e0 retrouver une relation saine avec celle-ci. Il est, bien entendu, indispensable de pr\u00e9server votre gourmandise et votre vie sociale. Je mets ainsi un point d&rsquo;honneur \u00e0 vous amener progressivement vers une alimentation \u00e0 base de produits simples et non transform\u00e9s tout en \u00e9veillant en vous l&rsquo;envie de cuisinier. En faisant preuve de bienveillance, de p\u00e9dagogie, d&rsquo;\u00e9coute et d&rsquo;optimisme, je serai \u00e0 vos c\u00f4t\u00e9s pour vous permettre d&rsquo;atteindre vos objectifs. J&rsquo;ai pour habitude de mettre en place des suivis r\u00e9guliers, c&rsquo;est pourquoi nous conviendrons ensemble de la fr\u00e9quence des consultations.<\/p>\n\n\n\n<p><strong>Manger, \u00e7a nous concerne tous&nbsp;!&nbsp;C&rsquo;est pourquoi tout le monde peut \u00eatre concern\u00e9 par une consultation di\u00e9t\u00e9tique : les enfants, les adolescents et&nbsp;les adultes de tout \u00e2ge.<\/strong><\/p>\n\n\n\n<p align=\"justify\" class=\"has-normal-font-size\"> Fort de 7 ann\u00e9es d&rsquo;exp\u00e9rience dans l&rsquo;enseignement et la recherche, j&rsquo;ai contribu\u00e9 \u00e0 de nombreux articles scientifiques et ai donn\u00e9 de nombreuses conf\u00e9rences dans toute l&rsquo;Europe. Je suis actuellement enseignant dans 5 \u00e9tablissements de l&rsquo;enseignement sup\u00e9rieur (IUT Lyon 1, IUT Lyon 2, Universit\u00e9 Claude Bernard Lyon 1, Diderot Education et Adonis sant\u00e9) et j&rsquo;interviens dans diverses discipline, de la nutrition \u00e0 la physiologie humaine.<\/p>\n\n\n\n<h4><strong> Mon approche di\u00e9t\u00e9tique <\/strong><\/h4>\n\n\n\n<p>&nbsp;<\/p>\n\n\n\n<div class=\"wp-block-media-text alignwide is-stacked-on-mobile is-vertically-aligned-center\" style=\"grid-template-columns:51% auto\"><figure class=\"wp-block-media-text__media\"><img loading=\"lazy\" width=\"1024\" height=\"683\" src=\"http:\/\/drkevinseyssel-dieteticien.com\/wp-content\/uploads\/2020\/03\/Dr-Kevin-Seyssel-Dieteticien-congres-1024x683.png\" alt=\"\" class=\"wp-image-77 size-full\" srcset=\"http:\/\/drkevinseyssel-dieteticien.com\/wp-content\/uploads\/2020\/03\/Dr-Kevin-Seyssel-Dieteticien-congres-1024x683.png 1024w, http:\/\/drkevinseyssel-dieteticien.com\/wp-content\/uploads\/2020\/03\/Dr-Kevin-Seyssel-Dieteticien-congres-300x200.png 300w, http:\/\/drkevinseyssel-dieteticien.com\/wp-content\/uploads\/2020\/03\/Dr-Kevin-Seyssel-Dieteticien-congres-768x512.png 768w, http:\/\/drkevinseyssel-dieteticien.com\/wp-content\/uploads\/2020\/03\/Dr-Kevin-Seyssel-Dieteticien-congres.png 1118w\" sizes=\"(max-width: 1024px) 100vw, 1024px\" \/><\/figure><div class=\"wp-block-media-text__content\">\n<p align=\"justify\" class=\"has-normal-font-size\"> L&rsquo;accompagnement nutritionnel que je propose est individuel, personnalis\u00e9 et personnalisable. Il s&rsquo;agit d&rsquo;une prise en charge globale qui repose sur votre v\u00e9cu, vos habitudes de vie, votre rythme quotidien ainsi que votre \u00e9tat de sant\u00e9.&nbsp;A travers cette approche douce et individuelle, nous cheminerons \u00e0 votre rythme jusqu&rsquo;\u00e0 l&rsquo;atteinte de vos objectifs.<\/p>\n\n\n\n<p align=\"justify\" class=\"has-normal-font-size\"> Cette d\u00e9marche se veut \u00eatre une aide dans la mise en place de vos envies de changements nutritionnels en utilisant vos capacit\u00e9s personnelles afin de r\u00e9pondre \u00e0 votre besoin de sant\u00e9. Pour cela, nous travaillons ensemble dans l&rsquo;apprentissage d&rsquo;un meilleur \u00e9quilibre alimentaire afin de traiter votre probl\u00e8me. Il n&rsquo;existe pas de probl\u00e8me sans solution.<\/p>\n<\/div><\/div>\n\n\n\n<p><p align=\"justify\" class=\"has-normal-font-size\">D&rsquo;apr\u00e8s le texte de loi\u00a0d\u00e9pos\u00e9 le 14 Novembre 2005 \u00e0 l\u2019Assembl\u00e9e Nationale, le\/la di\u00e9t\u00e9ticien(ne) est\u00a0\u00ab\u00a0un(e) professionnel(le) de sant\u00e9 qui dispense des conseils nutritionnels et\u00a0participe \u00e0 l\u2019\u00e9ducation et \u00e0 la r\u00e9\u00e9ducation nutritionnelle des patients atteints de troubles du m\u00e9tabolisme ou de l\u2019alimentation, par l\u2019\u00e9tablissement d\u2019un bilan di\u00e9t\u00e9tique personnalis\u00e9 et une \u00e9ducation di\u00e9t\u00e9tique adapt\u00e9e. Il\/elle contribue \u00e0 la d\u00e9finition, \u00e0 l\u2019\u00e9valuation et au contr\u00f4le de la qualit\u00e9 de l\u2019alimentation servie en collectivit\u00e9, ainsi qu\u2019aux activit\u00e9s de pr\u00e9vention en sant\u00e9 publique relevant du champ de la nutrition.\u00a0\u00bb <\/p><strong>La profession de Di\u00e9t\u00e9ticienne Nutritionniste que j&rsquo;exerce est r\u00e9glement\u00e9e et n\u00e9cessite l&rsquo;obtention d&rsquo;un dipl\u00f4me reconnu par l&rsquo;Etat Fran\u00e7ais.<\/strong><\/p>\n\n\n\n\n\n<h4>Mes dipl\u00f4mes :<\/h4>\n\n\n\n<ul><li>Doctorat sp\u00e9cialit\u00e9 nutrition et m\u00e9tabolisme<\/li><li>Master 2 recherche physiologie et neurosciences option r\u00e9gulations m\u00e9taboliques et nutritionnelles<\/li><li>Licence biologie option physiologie animale<\/li><li>D.U.T sp\u00e9cialit\u00e9 g\u00e9nie biologique option di\u00e9t\u00e9tique<\/li><\/ul>\n\n\n\n<p>&nbsp;<\/p>\n\n\n\n<div class=\"wp-block-button aligncenter\"><a class=\"wp-block-button__link\" href=\"https:\/\/www.doctolib.fr\/dieteticien\/corbas\/kevin-seyssel?utm_campaign=website-button&amp;utm_source=kevin-seyssel-website-button&amp;utm_medium=referral&amp;utm_content=option-5&amp;utm_term=kevin-seyssel\" target=\"_blank\" rel=\"noreferrer noopener\">Prendre rendez-vous<\/a><\/div>\n\n\n\n<p>&nbsp;<\/p>\n\n\n\n<hr class=\"wp-block-separator has-css-opacity\"\/>\n\n\n\n<h3>Ils m&rsquo;ont fait confiance<\/h3>\n\n\n\n<figure class=\"wp-container-2 wp-block-gallery-1 wp-block-gallery has-nested-images columns-4\">\n<figure class=\"wp-block-image size-large\"><img loading=\"lazy\" width=\"169\" height=\"107\" data-id=\"92\"  src=\"http:\/\/drkevinseyssel-dieteticien.com\/wp-content\/uploads\/2020\/03\/drseyssel-dieteticien-SOCIETE-FRANCOPHONE-DIABETE.png\" alt=\"\" class=\"wp-image-92\"\/><\/figure>\n\n\n\n<figure class=\"wp-block-image size-large\"><img loading=\"lazy\" width=\"211\" height=\"77\" data-id=\"91\"  src=\"http:\/\/drkevinseyssel-dieteticien.com\/wp-content\/uploads\/2020\/03\/drseyssel-dieteticien-OPERA.png\" alt=\"\" class=\"wp-image-91\"\/><\/figure>\n\n\n\n<figure class=\"wp-block-image size-large\"><img loading=\"lazy\" width=\"223\" height=\"90\" data-id=\"90\"  src=\"http:\/\/drkevinseyssel-dieteticien.com\/wp-content\/uploads\/2020\/03\/drseyssel-dieteticien-INSTITUT-PAUL-BOCUSE.png\" alt=\"\" class=\"wp-image-90\"\/><\/figure>\n\n\n\n<figure class=\"wp-block-image size-large\"><img loading=\"lazy\" width=\"127\" height=\"70\" data-id=\"89\"  src=\"http:\/\/drkevinseyssel-dieteticien.com\/wp-content\/uploads\/2020\/03\/drseyssel-dieteticien-IFSO.png\" alt=\"\" class=\"wp-image-89\"\/><\/figure>\n\n\n\n<figure class=\"wp-block-image size-large\"><img loading=\"lazy\" width=\"172\" height=\"64\" data-id=\"87\"  src=\"http:\/\/drkevinseyssel-dieteticien.com\/wp-content\/uploads\/2020\/03\/drseyssel-dieteticien-EGIR.png\" alt=\"\" class=\"wp-image-87\"\/><\/figure>\n\n\n\n<figure class=\"wp-block-image size-large\"><img loading=\"lazy\" width=\"151\" height=\"95\" data-id=\"86\"  src=\"http:\/\/drkevinseyssel-dieteticien.com\/wp-content\/uploads\/2020\/03\/drseyssel-dieteticien-EDISS.png\" alt=\"\" class=\"wp-image-86\"\/><\/figure>\n\n\n\n<figure class=\"wp-block-image size-large\"><img loading=\"lazy\" width=\"175\" height=\"53\" data-id=\"82\"  src=\"http:\/\/drkevinseyssel-dieteticien.com\/wp-content\/uploads\/2020\/03\/drseyssel-dieteticien-AGORES.png\" alt=\"\" class=\"wp-image-82\"\/><\/figure>\n\n\n\n<figure class=\"wp-block-image size-large\"><img loading=\"lazy\" width=\"211\" height=\"71\" data-id=\"81\"  src=\"http:\/\/drkevinseyssel-dieteticien.com\/wp-content\/uploads\/2020\/03\/drseyssel-dieteticien-AFERO.png\" alt=\"\" class=\"wp-image-81\"\/><\/figure>\n\n\n\n<figure class=\"wp-block-image size-large\"><img loading=\"lazy\" width=\"91\" height=\"105\" data-id=\"83\"  src=\"http:\/\/drkevinseyssel-dieteticien.com\/wp-content\/uploads\/2020\/03\/drseyssel-dieteticien-APERO-SCIENCE.png\" alt=\"\" class=\"wp-image-83\"\/><\/figure>\n\n\n\n<figure class=\"wp-block-image size-large\"><img loading=\"lazy\" width=\"103\" height=\"125\" data-id=\"84\"  src=\"http:\/\/drkevinseyssel-dieteticien.com\/wp-content\/uploads\/2020\/03\/drseyssel-dieteticien-CARBOHYDRATES.png\" alt=\"\" class=\"wp-image-84\"\/><\/figure>\n\n\n\n<figure class=\"wp-block-image size-large\"><img loading=\"lazy\" width=\"117\" height=\"124\" data-id=\"85\"  src=\"http:\/\/drkevinseyssel-dieteticien.com\/wp-content\/uploads\/2020\/03\/drseyssel-dieteticien-CONGRESS-OBESITY-ECO.png\" alt=\"\" class=\"wp-image-85\"\/><\/figure>\n\n\n\n<figure class=\"wp-block-image size-large\"><img loading=\"lazy\" width=\"55\" height=\"144\" data-id=\"88\"  src=\"http:\/\/drkevinseyssel-dieteticien.com\/wp-content\/uploads\/2020\/03\/drseyssel-dieteticien-ESPEN-CONGRESS.png\" alt=\"\" class=\"wp-image-88\"\/><\/figure>\n<\/figure>\n\n\n<p><a style=\"display: block; text-align: center; background-color: #0596de; color: #ffffff; font-size: 14px; overflow: hidden; width: 257px; height: 40px; border-bottom-right-radius: none; border-bottom-left-radius: none; position: fixed; bottom: 0; right: 5px; z-index: 1000; border-top-left-radius: 4px; border-top-right-radius: 4px; line-height: 40px;\" href=\"https:\/\/www.doctolib.fr\/dieteticien\/corbas\/kevin-seyssel?utm_campaign=website-button&amp;utm_source=kevin-seyssel-website-button&amp;utm_medium=referral&amp;utm_content=option-5&amp;utm_term=kevin-seyssel\" target=\"_blank\" rel=\"noopener noreferrer\" data-reactroot=\"\"><span style=\"font-size: 13px;\">Prendre rendez-vous en ligne<\/span><img style=\"height: 15px; margin-bottom: 3px; vertical-align: middle; width: auto;\" src=\"https:\/\/pro.doctolib.fr\/external_button\/doctolib-white-transparent.png\" alt=\"Doctolib\"><\/a><\/p>","protected":false},"excerpt":{"rendered":"<p>Dr Seyssel K\u00e9vin | Di\u00e9t\u00e9ticien nutritionniste | Docteur en nutrition et m\u00e9tabolisme &nbsp; Di\u00e9t\u00e9ticien nutritionniste lib\u00e9ral, titulaire d\u2019un doctorat sp\u00e9cialis\u00e9 en nutrition et m\u00e9tabolisme, j\u2019ai le plaisir de vous rencontrer \u00e0 Corbas.&nbsp; Je propose des consultations en cabinet afin de vous accompagner dans vos d\u00e9marches nutritionnelles comme la perte de poids, le r\u00e9\u00e9quilibrage alimentaire, la prise pond\u00e9rale, ainsi que tous changements alimentaires (v\u00e9g\u00e9tarien, \u00e9co-responsable&#8230;). Je propose un accompagnement nutritionnel adapt\u00e9 \u00e0 vos besoins. Passionn\u00e9 par mon m\u00e9tier et riche de mes diverses exp\u00e9riences, je suis conscient des&nbsp;bouleversements&nbsp;que procure&nbsp;un changement de vie, une pathologie, un&nbsp;rythme \u00e9prouvant, le stress,&nbsp;le mal-\u00eatre&#8230; Je vous accompagne en prenant en compte votre \u00e9tat de sant\u00e9, par la mise en place d&rsquo;une d\u00e9marche th\u00e9rapeutique et d&rsquo;objectifs di\u00e9t\u00e9tiques adapt\u00e9s. Le ma\u00eetre-mot de mon accompagnement est la bienveillance. Je vous accompagne \u00e0 travers une approche individualis\u00e9e, en prenant en compte votre environnement personnel, professionnel et social, afin d&rsquo;appr\u00e9hender vos&hellip;<\/p>\n<p> <a class=\"more-link\" href=\"http:\/\/drkevinseyssel-dieteticien.com\/index.php\/presentation\/\">Lire la suite<\/a><\/p>\n","protected":false},"author":1,"featured_media":96,"parent":0,"menu_order":0,"comment_status":"closed","ping_status":"closed","template":"","meta":[],"yoast_head":"<!-- This site is optimized with the Yoast SEO plugin v20.6 - https:\/\/yoast.com\/wordpress\/plugins\/seo\/ -->\n<title>Pr\u00e9sentation - Dr K\u00e9vin Seyssel<\/title>\n<meta name=\"description\" content=\"Di\u00e9t\u00e9ticien nutritionniste, titulaire d\u2019un doctorat sp\u00e9cialis\u00e9 en nutrition et m\u00e9tabolisme, je vous rencontre en cabinet \u00e0 Corbas.\" \/>\n<meta name=\"robots\" content=\"index, follow, max-snippet:-1, max-image-preview:large, max-video-preview:-1\" \/>\n<link rel=\"canonical\" href=\"https:\/\/drkevinseyssel-dieteticien.com\/index.php\/presentation\/\" \/>\n<meta property=\"og:locale\" content=\"fr_FR\" \/>\n<meta property=\"og:type\" content=\"article\" \/>\n<meta property=\"og:title\" content=\"Pr\u00e9sentation - Dr K\u00e9vin Seyssel\" \/>\n<meta property=\"og:description\" content=\"Di\u00e9t\u00e9ticien nutritionniste, titulaire d\u2019un doctorat sp\u00e9cialis\u00e9 en nutrition et m\u00e9tabolisme, je vous rencontre en cabinet \u00e0 Corbas.\" \/>\n<meta property=\"og:url\" content=\"https:\/\/drkevinseyssel-dieteticien.com\/index.php\/presentation\/\" \/>\n<meta property=\"og:site_name\" content=\"Dr K\u00e9vin Seyssel\" \/>\n<meta property=\"article:modified_time\" content=\"2023-09-25T13:38:36+00:00\" \/>\n<meta property=\"og:image\" content=\"https:\/\/drkevinseyssel-dieteticien.com\/wp-content\/uploads\/2020\/03\/drseyssel-dieteticien-plait.png\" \/>\n\t<meta property=\"og:image:width\" content=\"1190\" \/>\n\t<meta property=\"og:image:height\" content=\"593\" \/>\n\t<meta property=\"og:image:type\" content=\"image\/png\" \/>\n<meta name=\"twitter:card\" content=\"summary_large_image\" \/>\n<meta name=\"twitter:site\" content=\"@KevinSeyssel\" \/>\n<meta name=\"twitter:label1\" content=\"Dur\u00e9e de lecture estim\u00e9e\" \/>\n\t<meta name=\"twitter:data1\" content=\"7 minutes\" \/>\n<script type=\"application\/ld+json\" class=\"yoast-schema-graph\">{\"@context\":\"https:\/\/schema.org\",\"@graph\":[{\"@type\":\"WebPage\",\"@id\":\"https:\/\/drkevinseyssel-dieteticien.com\/index.php\/presentation\/\",\"url\":\"https:\/\/drkevinseyssel-dieteticien.com\/index.php\/presentation\/\",\"name\":\"Pr\u00e9sentation - Dr K\u00e9vin Seyssel\",\"isPartOf\":{\"@id\":\"https:\/\/drkevinseyssel-dieteticien.com\/#website\"},\"datePublished\":\"2020-03-28T23:09:19+00:00\",\"dateModified\":\"2023-09-25T13:38:36+00:00\",\"description\":\"Di\u00e9t\u00e9ticien nutritionniste, titulaire d\u2019un doctorat sp\u00e9cialis\u00e9 en nutrition et m\u00e9tabolisme, je vous rencontre en cabinet \u00e0 Corbas.\",\"breadcrumb\":{\"@id\":\"https:\/\/drkevinseyssel-dieteticien.com\/index.php\/presentation\/#breadcrumb\"},\"inLanguage\":\"fr-FR\",\"potentialAction\":[{\"@type\":\"ReadAction\",\"target\":[\"https:\/\/drkevinseyssel-dieteticien.com\/index.php\/presentation\/\"]}]},{\"@type\":\"BreadcrumbList\",\"@id\":\"https:\/\/drkevinseyssel-dieteticien.com\/index.php\/presentation\/#breadcrumb\",\"itemListElement\":[{\"@type\":\"ListItem\",\"position\":1,\"name\":\"Home\",\"item\":\"https:\/\/drkevinseyssel-dieteticien.com\/\"},{\"@type\":\"ListItem\",\"position\":2,\"name\":\"Pr\u00e9sentation\"}]},{\"@type\":\"WebSite\",\"@id\":\"https:\/\/drkevinseyssel-dieteticien.com\/#website\",\"url\":\"https:\/\/drkevinseyssel-dieteticien.com\/\",\"name\":\"Dr K\u00e9vin Seyssel\",\"description\":\"Di\u00e9t\u00e9ticien  |  Nutritionniste |  Docteur en nutrition et m\u00e9tabolisme\",\"publisher\":{\"@id\":\"https:\/\/drkevinseyssel-dieteticien.com\/#\/schema\/person\/8b3f4c5afba58e846e1221e58d04bed7\"},\"potentialAction\":[{\"@type\":\"SearchAction\",\"target\":{\"@type\":\"EntryPoint\",\"urlTemplate\":\"https:\/\/drkevinseyssel-dieteticien.com\/?s={search_term_string}\"},\"query-input\":\"required name=search_term_string\"}],\"inLanguage\":\"fr-FR\"},{\"@type\":[\"Person\",\"Organization\"],\"@id\":\"https:\/\/drkevinseyssel-dieteticien.com\/#\/schema\/person\/8b3f4c5afba58e846e1221e58d04bed7\",\"name\":\"admin4255\",\"image\":{\"@type\":\"ImageObject\",\"inLanguage\":\"fr-FR\",\"@id\":\"https:\/\/drkevinseyssel-dieteticien.com\/#\/schema\/person\/image\/\",\"url\":\"http:\/\/drkevinseyssel-dieteticien.com\/wp-content\/uploads\/2020\/03\/cropped-DR-SEYSSEL-DIETETICIEN-LOGO-1.png\",\"contentUrl\":\"http:\/\/drkevinseyssel-dieteticien.com\/wp-content\/uploads\/2020\/03\/cropped-DR-SEYSSEL-DIETETICIEN-LOGO-1.png\",\"width\":512,\"height\":512,\"caption\":\"admin4255\"},\"logo\":{\"@id\":\"https:\/\/drkevinseyssel-dieteticien.com\/#\/schema\/person\/image\/\"},\"sameAs\":[\"https:\/\/www.linkedin.com\/in\/kevin-seyssel-docteur-nutrition-dieteticien-nutritionniste\/\",\"https:\/\/twitter.com\/https:\/\/twitter.com\/KevinSeyssel\"]}]}<\/script>\n<!-- \/ Yoast SEO plugin. -->","yoast_head_json":{"title":"Pr\u00e9sentation - Dr K\u00e9vin Seyssel","description":"Di\u00e9t\u00e9ticien nutritionniste, titulaire d\u2019un doctorat sp\u00e9cialis\u00e9 en nutrition et m\u00e9tabolisme, je vous rencontre en cabinet \u00e0 Corbas.","robots":{"index":"index","follow":"follow","max-snippet":"max-snippet:-1","max-image-preview":"max-image-preview:large","max-video-preview":"max-video-preview:-1"},"canonical":"https:\/\/drkevinseyssel-dieteticien.com\/index.php\/presentation\/","og_locale":"fr_FR","og_type":"article","og_title":"Pr\u00e9sentation - Dr K\u00e9vin Seyssel","og_description":"Di\u00e9t\u00e9ticien nutritionniste, titulaire d\u2019un doctorat sp\u00e9cialis\u00e9 en nutrition et m\u00e9tabolisme, je vous rencontre en cabinet \u00e0 Corbas.","og_url":"https:\/\/drkevinseyssel-dieteticien.com\/index.php\/presentation\/","og_site_name":"Dr K\u00e9vin Seyssel","article_modified_time":"2023-09-25T13:38:36+00:00","og_image":[{"width":1190,"height":593,"url":"https:\/\/drkevinseyssel-dieteticien.com\/wp-content\/uploads\/2020\/03\/drseyssel-dieteticien-plait.png","type":"image\/png"}],"twitter_card":"summary_large_image","twitter_site":"@KevinSeyssel","twitter_misc":{"Dur\u00e9e de lecture estim\u00e9e":"7 minutes"},"schema":{"@context":"https:\/\/schema.org","@graph":[{"@type":"WebPage","@id":"https:\/\/drkevinseyssel-dieteticien.com\/index.php\/presentation\/","url":"https:\/\/drkevinseyssel-dieteticien.com\/index.php\/presentation\/","name":"Pr\u00e9sentation - Dr K\u00e9vin Seyssel","isPartOf":{"@id":"https:\/\/drkevinseyssel-dieteticien.com\/#website"},"datePublished":"2020-03-28T23:09:19+00:00","dateModified":"2023-09-25T13:38:36+00:00","description":"Di\u00e9t\u00e9ticien nutritionniste, titulaire d\u2019un doctorat sp\u00e9cialis\u00e9 en nutrition et m\u00e9tabolisme, je vous rencontre en cabinet \u00e0 Corbas.","breadcrumb":{"@id":"https:\/\/drkevinseyssel-dieteticien.com\/index.php\/presentation\/#breadcrumb"},"inLanguage":"fr-FR","potentialAction":[{"@type":"ReadAction","target":["https:\/\/drkevinseyssel-dieteticien.com\/index.php\/presentation\/"]}]},{"@type":"BreadcrumbList","@id":"https:\/\/drkevinseyssel-dieteticien.com\/index.php\/presentation\/#breadcrumb","itemListElement":[{"@type":"ListItem","position":1,"name":"Home","item":"https:\/\/drkevinseyssel-dieteticien.com\/"},{"@type":"ListItem","position":2,"name":"Pr\u00e9sentation"}]},{"@type":"WebSite","@id":"https:\/\/drkevinseyssel-dieteticien.com\/#website","url":"https:\/\/drkevinseyssel-dieteticien.com\/","name":"Dr K\u00e9vin Seyssel","description":"Di\u00e9t\u00e9ticien  |  Nutritionniste |  Docteur en nutrition et m\u00e9tabolisme","publisher":{"@id":"https:\/\/drkevinseyssel-dieteticien.com\/#\/schema\/person\/8b3f4c5afba58e846e1221e58d04bed7"},"potentialAction":[{"@type":"SearchAction","target":{"@type":"EntryPoint","urlTemplate":"https:\/\/drkevinseyssel-dieteticien.com\/?s={search_term_string}"},"query-input":"required name=search_term_string"}],"inLanguage":"fr-FR"},{"@type":["Person","Organization"],"@id":"https:\/\/drkevinseyssel-dieteticien.com\/#\/schema\/person\/8b3f4c5afba58e846e1221e58d04bed7","name":"admin4255","image":{"@type":"ImageObject","inLanguage":"fr-FR","@id":"https:\/\/drkevinseyssel-dieteticien.com\/#\/schema\/person\/image\/","url":"http:\/\/drkevinseyssel-dieteticien.com\/wp-content\/uploads\/2020\/03\/cropped-DR-SEYSSEL-DIETETICIEN-LOGO-1.png","contentUrl":"http:\/\/drkevinseyssel-dieteticien.com\/wp-content\/uploads\/2020\/03\/cropped-DR-SEYSSEL-DIETETICIEN-LOGO-1.png","width":512,"height":512,"caption":"admin4255"},"logo":{"@id":"https:\/\/drkevinseyssel-dieteticien.com\/#\/schema\/person\/image\/"},"sameAs":["https:\/\/www.linkedin.com\/in\/kevin-seyssel-docteur-nutrition-dieteticien-nutritionniste\/","https:\/\/twitter.com\/https:\/\/twitter.com\/KevinSeyssel"]}]}},"_links":{"self":[{"href":"http:\/\/drkevinseyssel-dieteticien.com\/index.php\/wp-json\/wp\/v2\/pages\/27"}],"collection":[{"href":"http:\/\/drkevinseyssel-dieteticien.com\/index.php\/wp-json\/wp\/v2\/pages"}],"about":[{"href":"http:\/\/drkevinseyssel-dieteticien.com\/index.php\/wp-json\/wp\/v2\/types\/page"}],"author":[{"embeddable":true,"href":"http:\/\/drkevinseyssel-dieteticien.com\/index.php\/wp-json\/wp\/v2\/users\/1"}],"replies":[{"embeddable":true,"href":"http:\/\/drkevinseyssel-dieteticien.com\/index.php\/wp-json\/wp\/v2\/comments?post=27"}],"version-history":[{"count":60,"href":"http:\/\/drkevinseyssel-dieteticien.com\/index.php\/wp-json\/wp\/v2\/pages\/27\/revisions"}],"predecessor-version":[{"id":649,"href":"http:\/\/drkevinseyssel-dieteticien.com\/index.php\/wp-json\/wp\/v2\/pages\/27\/revisions\/649"}],"wp:featuredmedia":[{"embeddable":true,"href":"http:\/\/drkevinseyssel-dieteticien.com\/index.php\/wp-json\/wp\/v2\/media\/96"}],"wp:attachment":[{"href":"http:\/\/drkevinseyssel-dieteticien.com\/index.php\/wp-json\/wp\/v2\/media?parent=27"}],"curies":[{"name":"wp","href":"https:\/\/api.w.org\/{rel}","templated":true}]}}