{"id":28,"date":"2020-03-29T00:09:19","date_gmt":"2020-03-28T23:09:19","guid":{"rendered":"http:\/\/drkevinseyssel-dieteticien.com\/?page_id=28"},"modified":"2025-06-04T09:27:25","modified_gmt":"2025-06-04T07:27:25","slug":"prestations-et-tarifs","status":"publish","type":"page","link":"http:\/\/drkevinseyssel-dieteticien.com\/index.php\/prestations-et-tarifs\/","title":{"rendered":"Consultation di\u00e9t\u00e9tique"},"content":{"rendered":"\n<div class=\"wp-container-3 wp-block-columns\">\n<div class=\"wp-container-1 wp-block-column\">\n<h3>Tarif de consultation<\/h3>\n\n\n\n<p><\/p>\n\n\n\n<p align=\"justify\" class=\"has-normal-font-size\">  La premi\u00e8re consultation bilan ainsi que toutes les consultations de suivi sont \u00e0 <b> un prix unique de 60\u20ac. <\/b> <\/p>\n\n\n\n<p align=\"justify\" class=\"has-normal-font-size\">  La premi\u00e8re consultation bilan dure environ <b> 1h30 <\/b> et la consultation de suivi dure environ <b> 1h<\/b>. <\/p>\n\n\n\n<p align=\"justify\" class=\"has-normal-font-size\">  Les consultations se d\u00e9roulent <b> au cabinet <\/b>, 4 Rue du Mont-Blanc, Corbas. t\u00e9l\u00e9phone ou visioconf\u00e9rence. <\/p>\n\n\n\n<p align=\"justify\" class=\"has-normal-font-size\">   Je propose \u00e9galement des consultations par <b>t\u00e9l\u00e9phone ou visioconf\u00e9rence.<\/b> <\/p>\n<\/div>\n\n\n\n<div class=\"wp-container-2 wp-block-column is-vertically-aligned-center\">\n<figure class=\"wp-block-image size-large is-resized\"><img loading=\"lazy\" src=\"http:\/\/drkevinseyssel-dieteticien.com\/wp-content\/uploads\/2022\/09\/K.-Seyssel-Dieteticien-Docteur-nutrition-et-metabolisme-1024x767.png\" alt=\"\" class=\"wp-image-512\" width=\"430\" height=\"322\" srcset=\"http:\/\/drkevinseyssel-dieteticien.com\/wp-content\/uploads\/2022\/09\/K.-Seyssel-Dieteticien-Docteur-nutrition-et-metabolisme-1024x767.png 1024w, http:\/\/drkevinseyssel-dieteticien.com\/wp-content\/uploads\/2022\/09\/K.-Seyssel-Dieteticien-Docteur-nutrition-et-metabolisme-300x225.png 300w, http:\/\/drkevinseyssel-dieteticien.com\/wp-content\/uploads\/2022\/09\/K.-Seyssel-Dieteticien-Docteur-nutrition-et-metabolisme-768x575.png 768w, http:\/\/drkevinseyssel-dieteticien.com\/wp-content\/uploads\/2022\/09\/K.-Seyssel-Dieteticien-Docteur-nutrition-et-metabolisme.png 1312w\" sizes=\"(max-width: 430px) 100vw, 430px\" \/><\/figure>\n<\/div>\n<\/div>\n\n\n\n<p>&nbsp;<\/p>\n\n\n\n<div class=\"wp-block-button aligncenter\"><a class=\"wp-block-button__link\" href=\"https:\/\/www.doctolib.fr\/dieteticien\/corbas\/kevin-seyssel?utm_campaign=website-button&amp;utm_source=kevin-seyssel-website-button&amp;utm_medium=referral&amp;utm_content=option-5&amp;utm_term=kevin-seyssel\" target=\"_blank\" rel=\"noreferrer noopener\">Prendre rendez-vous<\/a><\/div>\n\n\n\n<p>&nbsp;<\/p>\n\n\n\n<hr class=\"wp-block-separator has-css-opacity\"\/>\n\n\n\n<p>&nbsp;<\/p>\n\n\n\n<div class=\"wp-block-cover is-light has-parallax\" style=\"background-image:url(http:\/\/drkevinseyssel-dieteticien.com\/wp-content\/uploads\/2020\/03\/drseyssel-dieteticien-abricot.png);min-height:150px\"><span aria-hidden=\"true\" class=\"wp-block-cover__background has-background-dim-0 has-background-dim\"><\/span><div class=\"wp-block-cover__inner-container\">\n<p class=\"has-text-align-left has-very-dark-gray-color has-text-color has-huge-font-size\"><strong>Le saviez-vous ?<\/strong><\/p>\n<\/div><\/div>\n\n\n\n<p class=\"has-text-align-center has-medium-font-size\"><strong> La s\u00e9curit\u00e9 sociale ne rembourse pas les consultations di\u00e9t\u00e9tiques, en revanche de nombreuses mutuelles proposent une prise en charge partielle ou totale. Pour en savoir plus, contactez directement votre mutuelle. <\/strong><\/p>\n\n\n\n<div style=\"height:30px\" aria-hidden=\"true\" class=\"wp-block-spacer\"><\/div>\n\n\n\n<hr class=\"wp-block-separator has-css-opacity\"\/>\n\n\n\n<div style=\"height:30px\" aria-hidden=\"true\" class=\"wp-block-spacer\"><\/div>\n\n\n\n<p class=\"has-text-align-center\"><strong>Pour&nbsp;plus d&rsquo;informations, n&rsquo;h\u00e9sitez pas \u00e0 me&nbsp;contacter par t\u00e9l\u00e9phone (06 71 62 00 54) <\/strong><\/p>\n\n\n\n<p class=\"has-text-align-center\"><strong>ou par mail (kevin.seyssel@gmail.com).<\/strong><\/p>\n\n\n\n<p>&nbsp;<\/p>\n\n\n\n<div class=\"wp-block-button aligncenter\"><a class=\"wp-block-button__link\" href=\"https:\/\/www.doctolib.fr\/dieteticien\/corbas\/kevin-seyssel#opening_hours\" target=\"_blank\" rel=\"noreferrer noopener\">Contact<\/a><\/div>\n\n\n<p><a href=\"https:\/\/www.doctolib.fr\/dieteticien\/corbas\/kevin-seyssel?utm_campaign=website-button&amp;utm_source=kevin-seyssel-website-button&amp;utm_medium=referral&amp;utm_content=option-5&amp;utm_term=kevin-seyssel\" style=\"display:block;text-align:center;background-color:#0596DE;color:#ffffff;font-size:14px;overflow:hidden;width:257px;height:40px;border-bottom-right-radius:none;border-bottom-left-radius:none;position:fixed;bottom:0;right:5px;z-index:1000;border-top-left-radius:4px;border-top-right-radius:4px;line-height:40px\" target=\"_blank\" data-reactroot=\"\" rel=\"noopener noreferrer\"><span style=\"font-size:13px\">Prendre rendez-vous en ligne<\/span><img style=\"height:15px;margin-bottom:3px;vertical-align:middle;width:auto\" src=\"https:\/\/pro.doctolib.fr\/external_button\/doctolib-white-transparent.png\" alt=\"Doctolib\"><\/a><\/p>","protected":false},"excerpt":{"rendered":"<p>Tarif de consultation La premi\u00e8re consultation bilan ainsi que toutes les consultations de suivi sont \u00e0 un prix unique de 60\u20ac. La premi\u00e8re consultation bilan dure environ 1h30 et la consultation de suivi dure environ 1h. Les consultations se d\u00e9roulent au cabinet , 4 Rue du Mont-Blanc, Corbas. t\u00e9l\u00e9phone ou visioconf\u00e9rence. Je propose \u00e9galement des consultations par t\u00e9l\u00e9phone ou visioconf\u00e9rence. &nbsp; &nbsp; &nbsp; La s\u00e9curit\u00e9 sociale ne rembourse pas les consultations di\u00e9t\u00e9tiques, en revanche de nombreuses mutuelles proposent une prise en charge partielle ou totale. Pour en savoir plus, contactez directement votre mutuelle. Pour&nbsp;plus d&rsquo;informations, n&rsquo;h\u00e9sitez pas \u00e0 me&nbsp;contacter par t\u00e9l\u00e9phone (06 71 62 00 54) ou par mail (kevin.seyssel@gmail.com). &nbsp; Prendre rendez-vous en ligne<\/p>\n","protected":false},"author":1,"featured_media":101,"parent":0,"menu_order":0,"comment_status":"closed","ping_status":"closed","template":"","meta":[],"yoast_head":"<!-- This site is optimized with the Yoast SEO plugin v20.6 - https:\/\/yoast.com\/wordpress\/plugins\/seo\/ -->\n<title>Consultation di\u00e9t\u00e9tique - Dr K\u00e9vin Seyssel<\/title>\n<meta name=\"description\" content=\"Les consultations se d\u00e9roule au cabinet \u00e0 Corbas. Je propose \u00e9galement des consultations par t\u00e9l\u00e9phone ou visioconf\u00e9rence.\" \/>\n<meta name=\"robots\" content=\"index, follow, max-snippet:-1, max-image-preview:large, max-video-preview:-1\" \/>\n<link rel=\"canonical\" href=\"https:\/\/drkevinseyssel-dieteticien.com\/index.php\/prestations-et-tarifs\/\" \/>\n<meta property=\"og:locale\" content=\"fr_FR\" \/>\n<meta property=\"og:type\" content=\"article\" \/>\n<meta property=\"og:title\" content=\"Consultation di\u00e9t\u00e9tique - Dr K\u00e9vin Seyssel\" \/>\n<meta property=\"og:description\" content=\"Les consultations se d\u00e9roule au cabinet \u00e0 Corbas. Je propose \u00e9galement des consultations par t\u00e9l\u00e9phone ou visioconf\u00e9rence.\" \/>\n<meta property=\"og:url\" content=\"https:\/\/drkevinseyssel-dieteticien.com\/index.php\/prestations-et-tarifs\/\" \/>\n<meta property=\"og:site_name\" content=\"Dr K\u00e9vin Seyssel\" \/>\n<meta property=\"article:modified_time\" content=\"2025-06-04T07:27:25+00:00\" \/>\n<meta property=\"og:image\" content=\"https:\/\/drkevinseyssel-dieteticien.com\/wp-content\/uploads\/2020\/03\/drseyssel-dieteticien-equilibre.png\" \/>\n\t<meta property=\"og:image:width\" content=\"1192\" \/>\n\t<meta property=\"og:image:height\" content=\"578\" \/>\n\t<meta property=\"og:image:type\" content=\"image\/png\" \/>\n<meta name=\"twitter:card\" content=\"summary_large_image\" \/>\n<meta name=\"twitter:site\" content=\"@KevinSeyssel\" \/>\n<meta name=\"twitter:label1\" content=\"Dur\u00e9e de lecture estim\u00e9e\" \/>\n\t<meta name=\"twitter:data1\" content=\"1 minute\" \/>\n<script type=\"application\/ld+json\" class=\"yoast-schema-graph\">{\"@context\":\"https:\/\/schema.org\",\"@graph\":[{\"@type\":\"WebPage\",\"@id\":\"https:\/\/drkevinseyssel-dieteticien.com\/index.php\/prestations-et-tarifs\/\",\"url\":\"https:\/\/drkevinseyssel-dieteticien.com\/index.php\/prestations-et-tarifs\/\",\"name\":\"Consultation di\u00e9t\u00e9tique - Dr K\u00e9vin Seyssel\",\"isPartOf\":{\"@id\":\"https:\/\/drkevinseyssel-dieteticien.com\/#website\"},\"datePublished\":\"2020-03-28T23:09:19+00:00\",\"dateModified\":\"2025-06-04T07:27:25+00:00\",\"description\":\"Les consultations se d\u00e9roule au cabinet \u00e0 Corbas. Je propose \u00e9galement des consultations par t\u00e9l\u00e9phone ou visioconf\u00e9rence.\",\"breadcrumb\":{\"@id\":\"https:\/\/drkevinseyssel-dieteticien.com\/index.php\/prestations-et-tarifs\/#breadcrumb\"},\"inLanguage\":\"fr-FR\",\"potentialAction\":[{\"@type\":\"ReadAction\",\"target\":[\"https:\/\/drkevinseyssel-dieteticien.com\/index.php\/prestations-et-tarifs\/\"]}]},{\"@type\":\"BreadcrumbList\",\"@id\":\"https:\/\/drkevinseyssel-dieteticien.com\/index.php\/prestations-et-tarifs\/#breadcrumb\",\"itemListElement\":[{\"@type\":\"ListItem\",\"position\":1,\"name\":\"Home\",\"item\":\"https:\/\/drkevinseyssel-dieteticien.com\/\"},{\"@type\":\"ListItem\",\"position\":2,\"name\":\"Consultation di\u00e9t\u00e9tique\"}]},{\"@type\":\"WebSite\",\"@id\":\"https:\/\/drkevinseyssel-dieteticien.com\/#website\",\"url\":\"https:\/\/drkevinseyssel-dieteticien.com\/\",\"name\":\"Dr K\u00e9vin Seyssel\",\"description\":\"Di\u00e9t\u00e9ticien  |  Nutritionniste |  Docteur en nutrition et m\u00e9tabolisme\",\"publisher\":{\"@id\":\"https:\/\/drkevinseyssel-dieteticien.com\/#\/schema\/person\/8b3f4c5afba58e846e1221e58d04bed7\"},\"potentialAction\":[{\"@type\":\"SearchAction\",\"target\":{\"@type\":\"EntryPoint\",\"urlTemplate\":\"https:\/\/drkevinseyssel-dieteticien.com\/?s={search_term_string}\"},\"query-input\":\"required name=search_term_string\"}],\"inLanguage\":\"fr-FR\"},{\"@type\":[\"Person\",\"Organization\"],\"@id\":\"https:\/\/drkevinseyssel-dieteticien.com\/#\/schema\/person\/8b3f4c5afba58e846e1221e58d04bed7\",\"name\":\"admin4255\",\"image\":{\"@type\":\"ImageObject\",\"inLanguage\":\"fr-FR\",\"@id\":\"https:\/\/drkevinseyssel-dieteticien.com\/#\/schema\/person\/image\/\",\"url\":\"http:\/\/drkevinseyssel-dieteticien.com\/wp-content\/uploads\/2020\/03\/cropped-DR-SEYSSEL-DIETETICIEN-LOGO-1.png\",\"contentUrl\":\"http:\/\/drkevinseyssel-dieteticien.com\/wp-content\/uploads\/2020\/03\/cropped-DR-SEYSSEL-DIETETICIEN-LOGO-1.png\",\"width\":512,\"height\":512,\"caption\":\"admin4255\"},\"logo\":{\"@id\":\"https:\/\/drkevinseyssel-dieteticien.com\/#\/schema\/person\/image\/\"},\"sameAs\":[\"https:\/\/www.linkedin.com\/in\/kevin-seyssel-docteur-nutrition-dieteticien-nutritionniste\/\",\"https:\/\/twitter.com\/https:\/\/twitter.com\/KevinSeyssel\"]}]}<\/script>\n<!-- \/ Yoast SEO plugin. -->","yoast_head_json":{"title":"Consultation di\u00e9t\u00e9tique - Dr K\u00e9vin Seyssel","description":"Les consultations se d\u00e9roule au cabinet \u00e0 Corbas. Je propose \u00e9galement des consultations par t\u00e9l\u00e9phone ou visioconf\u00e9rence.","robots":{"index":"index","follow":"follow","max-snippet":"max-snippet:-1","max-image-preview":"max-image-preview:large","max-video-preview":"max-video-preview:-1"},"canonical":"https:\/\/drkevinseyssel-dieteticien.com\/index.php\/prestations-et-tarifs\/","og_locale":"fr_FR","og_type":"article","og_title":"Consultation di\u00e9t\u00e9tique - Dr K\u00e9vin Seyssel","og_description":"Les consultations se d\u00e9roule au cabinet \u00e0 Corbas. Je propose \u00e9galement des consultations par t\u00e9l\u00e9phone ou visioconf\u00e9rence.","og_url":"https:\/\/drkevinseyssel-dieteticien.com\/index.php\/prestations-et-tarifs\/","og_site_name":"Dr K\u00e9vin Seyssel","article_modified_time":"2025-06-04T07:27:25+00:00","og_image":[{"width":1192,"height":578,"url":"https:\/\/drkevinseyssel-dieteticien.com\/wp-content\/uploads\/2020\/03\/drseyssel-dieteticien-equilibre.png","type":"image\/png"}],"twitter_card":"summary_large_image","twitter_site":"@KevinSeyssel","twitter_misc":{"Dur\u00e9e de lecture estim\u00e9e":"1 minute"},"schema":{"@context":"https:\/\/schema.org","@graph":[{"@type":"WebPage","@id":"https:\/\/drkevinseyssel-dieteticien.com\/index.php\/prestations-et-tarifs\/","url":"https:\/\/drkevinseyssel-dieteticien.com\/index.php\/prestations-et-tarifs\/","name":"Consultation di\u00e9t\u00e9tique - Dr K\u00e9vin Seyssel","isPartOf":{"@id":"https:\/\/drkevinseyssel-dieteticien.com\/#website"},"datePublished":"2020-03-28T23:09:19+00:00","dateModified":"2025-06-04T07:27:25+00:00","description":"Les consultations se d\u00e9roule au cabinet \u00e0 Corbas. Je propose \u00e9galement des consultations par t\u00e9l\u00e9phone ou visioconf\u00e9rence.","breadcrumb":{"@id":"https:\/\/drkevinseyssel-dieteticien.com\/index.php\/prestations-et-tarifs\/#breadcrumb"},"inLanguage":"fr-FR","potentialAction":[{"@type":"ReadAction","target":["https:\/\/drkevinseyssel-dieteticien.com\/index.php\/prestations-et-tarifs\/"]}]},{"@type":"BreadcrumbList","@id":"https:\/\/drkevinseyssel-dieteticien.com\/index.php\/prestations-et-tarifs\/#breadcrumb","itemListElement":[{"@type":"ListItem","position":1,"name":"Home","item":"https:\/\/drkevinseyssel-dieteticien.com\/"},{"@type":"ListItem","position":2,"name":"Consultation di\u00e9t\u00e9tique"}]},{"@type":"WebSite","@id":"https:\/\/drkevinseyssel-dieteticien.com\/#website","url":"https:\/\/drkevinseyssel-dieteticien.com\/","name":"Dr K\u00e9vin Seyssel","description":"Di\u00e9t\u00e9ticien  |  Nutritionniste |  Docteur en nutrition et m\u00e9tabolisme","publisher":{"@id":"https:\/\/drkevinseyssel-dieteticien.com\/#\/schema\/person\/8b3f4c5afba58e846e1221e58d04bed7"},"potentialAction":[{"@type":"SearchAction","target":{"@type":"EntryPoint","urlTemplate":"https:\/\/drkevinseyssel-dieteticien.com\/?s={search_term_string}"},"query-input":"required name=search_term_string"}],"inLanguage":"fr-FR"},{"@type":["Person","Organization"],"@id":"https:\/\/drkevinseyssel-dieteticien.com\/#\/schema\/person\/8b3f4c5afba58e846e1221e58d04bed7","name":"admin4255","image":{"@type":"ImageObject","inLanguage":"fr-FR","@id":"https:\/\/drkevinseyssel-dieteticien.com\/#\/schema\/person\/image\/","url":"http:\/\/drkevinseyssel-dieteticien.com\/wp-content\/uploads\/2020\/03\/cropped-DR-SEYSSEL-DIETETICIEN-LOGO-1.png","contentUrl":"http:\/\/drkevinseyssel-dieteticien.com\/wp-content\/uploads\/2020\/03\/cropped-DR-SEYSSEL-DIETETICIEN-LOGO-1.png","width":512,"height":512,"caption":"admin4255"},"logo":{"@id":"https:\/\/drkevinseyssel-dieteticien.com\/#\/schema\/person\/image\/"},"sameAs":["https:\/\/www.linkedin.com\/in\/kevin-seyssel-docteur-nutrition-dieteticien-nutritionniste\/","https:\/\/twitter.com\/https:\/\/twitter.com\/KevinSeyssel"]}]}},"_links":{"self":[{"href":"http:\/\/drkevinseyssel-dieteticien.com\/index.php\/wp-json\/wp\/v2\/pages\/28"}],"collection":[{"href":"http:\/\/drkevinseyssel-dieteticien.com\/index.php\/wp-json\/wp\/v2\/pages"}],"about":[{"href":"http:\/\/drkevinseyssel-dieteticien.com\/index.php\/wp-json\/wp\/v2\/types\/page"}],"author":[{"embeddable":true,"href":"http:\/\/drkevinseyssel-dieteticien.com\/index.php\/wp-json\/wp\/v2\/users\/1"}],"replies":[{"embeddable":true,"href":"http:\/\/drkevinseyssel-dieteticien.com\/index.php\/wp-json\/wp\/v2\/comments?post=28"}],"version-history":[{"count":45,"href":"http:\/\/drkevinseyssel-dieteticien.com\/index.php\/wp-json\/wp\/v2\/pages\/28\/revisions"}],"predecessor-version":[{"id":685,"href":"http:\/\/drkevinseyssel-dieteticien.com\/index.php\/wp-json\/wp\/v2\/pages\/28\/revisions\/685"}],"wp:featuredmedia":[{"embeddable":true,"href":"http:\/\/drkevinseyssel-dieteticien.com\/index.php\/wp-json\/wp\/v2\/media\/101"}],"wp:attachment":[{"href":"http:\/\/drkevinseyssel-dieteticien.com\/index.php\/wp-json\/wp\/v2\/media?parent=28"}],"curies":[{"name":"wp","href":"https:\/\/api.w.org\/{rel}","templated":true}]}}